{"id":71,"date":"2023-08-03T09:33:24","date_gmt":"2023-08-03T09:33:24","guid":{"rendered":"https:\/\/netzero360.es\/?page_id=71"},"modified":"2023-08-16T09:24:21","modified_gmt":"2023-08-16T09:24:21","slug":"monitorizacion-y-verificacion-digitaltwin","status":"publish","type":"page","link":"https:\/\/netzero360.es\/en\/fases\/monitorizacion-y-verificacion-digitaltwin","title":{"rendered":"Monitoring and verification (Digital Twin)"},"content":{"rendered":"<div data-elementor-type=\"wp-page\" data-elementor-id=\"71\" class=\"elementor elementor-71\" data-elementor-post-type=\"page\">\n\t\t\t\t<div class=\"elementor-element elementor-element-621a0b9 e-flex e-con-boxed e-con e-parent\" data-id=\"621a0b9\" data-element_type=\"container\">\n\t\t\t\t\t<div class=\"e-con-inner\">\n\t\t\t\t<div class=\"elementor-element elementor-element-4442565 elementor-hidden-mobile elementor-hidden-tablet elementor-widget elementor-widget-theme-post-title elementor-page-title elementor-widget-heading\" data-id=\"4442565\" data-element_type=\"widget\" data-widget_type=\"theme-post-title.default\">\n\t\t\t\t<div class=\"elementor-widget-container\">\n\t\t\t\t\t<h2 class=\"elementor-heading-title elementor-size-default\">Monitoring and verification (Digital Twin)<\/h2>\t\t\t\t<\/div>\n\t\t\t\t<\/div>\n\t\t\t\t\t<\/div>\n\t\t\t\t<\/div>\n\t\t<div class=\"elementor-element elementor-element-ad3b463 e-flex e-con-boxed e-con e-parent\" data-id=\"ad3b463\" data-element_type=\"container\">\n\t\t\t\t\t<div class=\"e-con-inner\">\n\t\t<div class=\"elementor-element elementor-element-d43ea51 e-flex e-con-boxed e-con e-parent\" data-id=\"d43ea51\" data-element_type=\"container\">\n\t\t\t\t\t<div class=\"e-con-inner\">\n\t\t\t\t<div class=\"elementor-element elementor-element-f3f6291 elementor-widget elementor-widget-text-editor\" data-id=\"f3f6291\" data-element_type=\"widget\" data-widget_type=\"text-editor.default\">\n\t\t\t\t<div class=\"elementor-widget-container\">\n\t\t\t\t\t\t\t\t\t<p class=\"translation-block\">After the completion of commissioning, continuous follow-up is carried out to  monitor the energy performance of the building. <strong>Periodic audits are carried out  and the energy savings achieved are verified<\/strong>, ensuring that the systems continue  to operate efficiently over time. For this, the <strong><u>Digital Twin<\/u><\/strong> tool will be used to add  a number of additional functionalities.<\/p>\t\t\t\t\t\t\t\t<\/div>\n\t\t\t\t<\/div>\n\t\t\t\t\t<\/div>\n\t\t\t\t<\/div>\n\t\t\t\t\t<\/div>\n\t\t\t\t<\/div>\n\t\t<div class=\"elementor-element elementor-element-45ceb4b e-con-full e-flex e-con e-parent\" data-id=\"45ceb4b\" data-element_type=\"container\">\n\t\t<div class=\"elementor-element elementor-element-119661b e-flex e-con-boxed e-con e-parent\" data-id=\"119661b\" data-element_type=\"container\">\n\t\t\t\t\t<div class=\"e-con-inner\">\n\t\t\t\t<div class=\"elementor-element elementor-element-963c8cc elementor-widget elementor-widget-heading\" data-id=\"963c8cc\" data-element_type=\"widget\" data-widget_type=\"heading.default\">\n\t\t\t\t<div class=\"elementor-widget-container\">\n\t\t\t\t\t<h3 class=\"elementor-heading-title elementor-size-default\">Real-time  monitoring: \n<\/h3>\t\t\t\t<\/div>\n\t\t\t\t<\/div>\n\t\t\t\t<div class=\"elementor-element elementor-element-44c8958 elementor-widget elementor-widget-text-editor\" data-id=\"44c8958\" data-element_type=\"widget\" data-widget_type=\"text-editor.default\">\n\t\t\t\t<div class=\"elementor-widget-container\">\n\t\t\t\t\t\t\t\t\t<p class=\"translation-block\">The <strong>Digital Twin<\/strong> collects real-time  data from sensors installed in the  building, HVAC systems, lighting,  energy meters, among others.  This data is used to monitor and  analyse the building\u2019s energy  performance on a continuous  basis. The Digital Twin can provide  instant information on energy  consumption, system efficiency  and operating behaviour, enabling  early detection of problems and  implementation of corrective  measures.<\/p>\t\t\t\t\t\t\t\t<\/div>\n\t\t\t\t<\/div>\n\t\t\t\t\t<\/div>\n\t\t\t\t<\/div>\n\t\t<div class=\"elementor-element elementor-element-56cad22 e-flex e-con-boxed e-con e-parent\" data-id=\"56cad22\" data-element_type=\"container\">\n\t\t\t\t\t<div class=\"e-con-inner\">\n\t\t\t\t<div class=\"elementor-element elementor-element-97da9f8 elementor-widget elementor-widget-heading\" data-id=\"97da9f8\" data-element_type=\"widget\" data-widget_type=\"heading.default\">\n\t\t\t\t<div class=\"elementor-widget-container\">\n\t\t\t\t\t<h3 class=\"elementor-heading-title elementor-size-default\">Analysis and  optimisation:\n<\/h3>\t\t\t\t<\/div>\n\t\t\t\t<\/div>\n\t\t\t\t<div class=\"elementor-element elementor-element-4d28bf1 elementor-widget elementor-widget-text-editor\" data-id=\"4d28bf1\" data-element_type=\"widget\" data-widget_type=\"text-editor.default\">\n\t\t\t\t<div class=\"elementor-widget-container\">\n\t\t\t\t\t\t\t\t\t<p>El <strong>Digital Twin<\/strong> The <strong>Digital Twin<\/strong> enables advanced  analysis and simulations to  assess energy performance and  explore different improvement  strategies. Based on the data  collected, areas for  improvement  can be identified and virtual  solutions can be tested before  implementing changes to the  physical building. This helps to  optimise energy performance  and identify additional savings  opportunities.<\/p>\t\t\t\t\t\t\t\t<\/div>\n\t\t\t\t<\/div>\n\t\t\t\t\t<\/div>\n\t\t\t\t<\/div>\n\t\t<div class=\"elementor-element elementor-element-be43b6d e-flex e-con-boxed e-con e-parent\" data-id=\"be43b6d\" data-element_type=\"container\">\n\t\t\t\t\t<div class=\"e-con-inner\">\n\t\t\t\t<div class=\"elementor-element elementor-element-a24d963 elementor-widget elementor-widget-heading\" data-id=\"a24d963\" data-element_type=\"widget\" data-widget_type=\"heading.default\">\n\t\t\t\t<div class=\"elementor-widget-container\">\n\t\t\t\t\t<h3 class=\"elementor-heading-title elementor-size-default\">Comparison and  benchmarking:\n\n<\/h3>\t\t\t\t<\/div>\n\t\t\t\t<\/div>\n\t\t\t\t<div class=\"elementor-element elementor-element-7c6476c elementor-widget elementor-widget-text-editor\" data-id=\"7c6476c\" data-element_type=\"widget\" data-widget_type=\"text-editor.default\">\n\t\t\t\t<div class=\"elementor-widget-container\">\n\t\t\t\t\t\t\t\t\t<p class=\"translation-block\">Using the <strong>Digital Twin<\/strong>, it is possible to compare the energy performance of a building with other similar buildings, set efficiency targets and perform benchmarking. This allows performance to be assessed against industry standards and best practice, identifying opportunities to further improve energy efficiency.<\/p>\t\t\t\t\t\t\t\t<\/div>\n\t\t\t\t<\/div>\n\t\t\t\t\t<\/div>\n\t\t\t\t<\/div>\n\t\t<div class=\"elementor-element elementor-element-a3b8f0a e-flex e-con-boxed e-con e-parent\" data-id=\"a3b8f0a\" data-element_type=\"container\">\n\t\t\t\t\t<div class=\"e-con-inner\">\n\t\t\t\t<div class=\"elementor-element elementor-element-5e534ef elementor-widget elementor-widget-heading\" data-id=\"5e534ef\" data-element_type=\"widget\" data-widget_type=\"heading.default\">\n\t\t\t\t<div class=\"elementor-widget-container\">\n\t\t\t\t\t<h3 class=\"elementor-heading-title elementor-size-default\">Predictive  maintenance:\n\n\n<\/h3>\t\t\t\t<\/div>\n\t\t\t\t<\/div>\n\t\t\t\t<div class=\"elementor-element elementor-element-927aeed elementor-widget elementor-widget-text-editor\" data-id=\"927aeed\" data-element_type=\"widget\" data-widget_type=\"text-editor.default\">\n\t\t\t\t<div class=\"elementor-widget-container\">\n\t\t\t\t\t\t\t\t\t<p class=\"translation-block\">The <strong>Digital Twin<\/strong> assists in the  early detection of problems  and predictive maintenance of  building energy systems. By  constantly monitoring building  data, the Digital Twin identify  deviations in performance, alert  to potential failures and provide  recommendations for preventive  maintenance.<\/p>\t\t\t\t\t\t\t\t<\/div>\n\t\t\t\t<\/div>\n\t\t\t\t\t<\/div>\n\t\t\t\t<\/div>\n\t\t\t\t<\/div>\n\t\t\t\t<\/div>","protected":false},"excerpt":{"rendered":"<p>Una vez finalizada la puesta en servicio, se realiza un seguimiento continuo para controlar el rendimiento energ\u00e9tico del edificio. Se llevan a cabo auditor\u00edas peri\u00f3dicas y se verifica el ahorro energ\u00e9tico conseguido, garantizando que los sistemas sigan funcionando eficientemente a lo largo del tiempo. Para ello, la herramienta Digital Twin se utilizar\u00e1 para a\u00f1adir una &#8230; <a title=\"Monitoring and verification (Digital Twin)\" class=\"read-more\" href=\"https:\/\/netzero360.es\/en\/fases\/monitorizacion-y-verificacion-digitaltwin\" aria-label=\"More on Monitorizaci\u00f3n y verificaci\u00f3n (Digital Twin)\">Read more<\/a><\/p>","protected":false},"author":1,"featured_media":889,"parent":61,"menu_order":0,"comment_status":"closed","ping_status":"closed","template":"","meta":{"_acf_changed":false,"footnotes":""},"class_list":["post-71","page","type-page","status-publish","has-post-thumbnail"],"acf":[],"_links":{"self":[{"href":"https:\/\/netzero360.es\/en\/wp-json\/wp\/v2\/pages\/71","targetHints":{"allow":["GET"]}}],"collection":[{"href":"https:\/\/netzero360.es\/en\/wp-json\/wp\/v2\/pages"}],"about":[{"href":"https:\/\/netzero360.es\/en\/wp-json\/wp\/v2\/types\/page"}],"author":[{"embeddable":true,"href":"https:\/\/netzero360.es\/en\/wp-json\/wp\/v2\/users\/1"}],"replies":[{"embeddable":true,"href":"https:\/\/netzero360.es\/en\/wp-json\/wp\/v2\/comments?post=71"}],"version-history":[{"count":114,"href":"https:\/\/netzero360.es\/en\/wp-json\/wp\/v2\/pages\/71\/revisions"}],"predecessor-version":[{"id":1123,"href":"https:\/\/netzero360.es\/en\/wp-json\/wp\/v2\/pages\/71\/revisions\/1123"}],"up":[{"embeddable":true,"href":"https:\/\/netzero360.es\/en\/wp-json\/wp\/v2\/pages\/61"}],"wp:featuredmedia":[{"embeddable":true,"href":"https:\/\/netzero360.es\/en\/wp-json\/wp\/v2\/media\/889"}],"wp:attachment":[{"href":"https:\/\/netzero360.es\/en\/wp-json\/wp\/v2\/media?parent=71"}],"curies":[{"name":"wp","href":"https:\/\/api.w.org\/{rel}","templated":true}]}}