{"id":69,"date":"2023-08-03T09:32:58","date_gmt":"2023-08-03T09:32:58","guid":{"rendered":"https:\/\/netzero360.es\/?page_id=69"},"modified":"2023-08-16T07:03:24","modified_gmt":"2023-08-16T07:03:24","slug":"seguimiento-y-puesta-en-marcha","status":"publish","type":"page","link":"https:\/\/netzero360.es\/en\/fases\/seguimiento-y-puesta-en-marcha","title":{"rendered":"Commissioning"},"content":{"rendered":"<div data-elementor-type=\"wp-page\" data-elementor-id=\"69\" class=\"elementor elementor-69\" data-elementor-post-type=\"page\">\n\t\t\t\t<div class=\"elementor-element elementor-element-26c2e1f e-flex e-con-boxed e-con e-parent\" data-id=\"26c2e1f\" data-element_type=\"container\" data-e-type=\"container\">\n\t\t\t\t\t<div class=\"e-con-inner\">\n\t\t\t\t<div class=\"elementor-element elementor-element-464f799 elementor-hidden-mobile elementor-hidden-tablet elementor-widget elementor-widget-theme-post-title elementor-page-title elementor-widget-heading\" data-id=\"464f799\" data-element_type=\"widget\" data-e-type=\"widget\" data-widget_type=\"theme-post-title.default\">\n\t\t\t\t<div class=\"elementor-widget-container\">\n\t\t\t\t\t<h2 class=\"elementor-heading-title elementor-size-default\">Commissioning<\/h2>\t\t\t\t<\/div>\n\t\t\t\t<\/div>\n\t\t\t\t\t<\/div>\n\t\t\t\t<\/div>\n\t\t<div class=\"elementor-element elementor-element-edf985c e-grid e-con-boxed e-con e-parent\" data-id=\"edf985c\" data-element_type=\"container\" data-e-type=\"container\">\n\t\t\t\t\t<div class=\"e-con-inner\">\n\t\t<div class=\"elementor-element elementor-element-66b0df8 e-flex e-con-boxed e-con e-parent\" data-id=\"66b0df8\" data-element_type=\"container\" data-e-type=\"container\">\n\t\t\t\t\t<div class=\"e-con-inner\">\n\t\t\t\t<div class=\"elementor-element elementor-element-e1e3c8d elementor-widget elementor-widget-heading\" data-id=\"e1e3c8d\" data-element_type=\"widget\" data-e-type=\"widget\" data-widget_type=\"heading.default\">\n\t\t\t\t<div class=\"elementor-widget-container\">\n\t\t\t\t\t<h3 class=\"elementor-heading-title elementor-size-default\">Design review:<\/h3>\t\t\t\t<\/div>\n\t\t\t\t<\/div>\n\t\t\t\t<div class=\"elementor-element elementor-element-d6d5f8a elementor-widget elementor-widget-text-editor\" data-id=\"d6d5f8a\" data-element_type=\"widget\" data-e-type=\"widget\" data-widget_type=\"text-editor.default\">\n\t\t\t\t<div class=\"elementor-widget-container\">\n\t\t\t\t\t\t\t\t\t<p>Designs and specifications are examined  to ensure that they meet energy efficiency  standards and project requirements.  Opportunities for improvement can be identified  and adjustments made if necessary.<\/p>\t\t\t\t\t\t\t\t<\/div>\n\t\t\t\t<\/div>\n\t\t\t\t\t<\/div>\n\t\t\t\t<\/div>\n\t\t<div class=\"elementor-element elementor-element-ee1499b e-flex e-con-boxed e-con e-parent\" data-id=\"ee1499b\" data-element_type=\"container\" data-e-type=\"container\">\n\t\t\t\t\t<div class=\"e-con-inner\">\n\t\t\t\t<div class=\"elementor-element elementor-element-4953a2e elementor-widget elementor-widget-heading\" data-id=\"4953a2e\" data-element_type=\"widget\" data-e-type=\"widget\" data-widget_type=\"heading.default\">\n\t\t\t\t<div class=\"elementor-widget-container\">\n\t\t\t\t\t<h3 class=\"elementor-heading-title elementor-size-default\">Installation &amp; construction:\n<\/h3>\t\t\t\t<\/div>\n\t\t\t\t<\/div>\n\t\t\t\t<div class=\"elementor-element elementor-element-08c8c95 elementor-widget elementor-widget-text-editor\" data-id=\"08c8c95\" data-element_type=\"widget\" data-e-type=\"widget\" data-widget_type=\"text-editor.default\">\n\t\t\t\t<div class=\"elementor-widget-container\">\n\t\t\t\t\t\t\t\t\t<p>During this phase, the installation of the energy  systems is monitored to ensure that they are  installed correctly and in accordance with the  designs and specifications. Inspections, tests  and adjustments are carried out to ensure  that the systems and envelope elements are  installed properly.<\/p>\t\t\t\t\t\t\t\t<\/div>\n\t\t\t\t<\/div>\n\t\t\t\t\t<\/div>\n\t\t\t\t<\/div>\n\t\t<div class=\"elementor-element elementor-element-137670a e-flex e-con-boxed e-con e-parent\" data-id=\"137670a\" data-element_type=\"container\" data-e-type=\"container\">\n\t\t\t\t\t<div class=\"e-con-inner\">\n\t\t\t\t<div class=\"elementor-element elementor-element-1de1680 elementor-widget elementor-widget-heading\" data-id=\"1de1680\" data-element_type=\"widget\" data-e-type=\"widget\" data-widget_type=\"heading.default\">\n\t\t\t\t<div class=\"elementor-widget-container\">\n\t\t\t\t\t<h3 class=\"elementor-heading-title elementor-size-default\">Initial commissioning:\n\n<\/h3>\t\t\t\t<\/div>\n\t\t\t\t<\/div>\n\t\t\t\t<div class=\"elementor-element elementor-element-331c2c7 elementor-widget elementor-widget-text-editor\" data-id=\"331c2c7\" data-element_type=\"widget\" data-e-type=\"widget\" data-widget_type=\"text-editor.default\">\n\t\t\t\t<div class=\"elementor-widget-container\">\n\t\t\t\t\t\t\t\t\t<p>Once the systems are installed, an initial  commissioning is performed to ensure that  they operate as intended. Controls are checked,  parameters are adjusted and tests are carried  out to confirm that the systems operate  efficiently and meet energy performance  standards.<\/p>\t\t\t\t\t\t\t\t<\/div>\n\t\t\t\t<\/div>\n\t\t\t\t\t<\/div>\n\t\t\t\t<\/div>\n\t\t<div class=\"elementor-element elementor-element-0af9f84 e-flex e-con-boxed e-con e-parent\" data-id=\"0af9f84\" data-element_type=\"container\" data-e-type=\"container\">\n\t\t\t\t\t<div class=\"e-con-inner\">\n\t\t\t\t<div class=\"elementor-element elementor-element-ddc71fc elementor-widget elementor-widget-heading\" data-id=\"ddc71fc\" data-element_type=\"widget\" data-e-type=\"widget\" data-widget_type=\"heading.default\">\n\t\t\t\t<div class=\"elementor-widget-container\">\n\t\t\t\t\t<h3 class=\"elementor-heading-title elementor-size-default\">Final testing and adjustments:\n\n\n<\/h3>\t\t\t\t<\/div>\n\t\t\t\t<\/div>\n\t\t\t\t<div class=\"elementor-element elementor-element-1385598 elementor-widget elementor-widget-text-editor\" data-id=\"1385598\" data-element_type=\"widget\" data-e-type=\"widget\" data-widget_type=\"text-editor.default\">\n\t\t\t\t<div class=\"elementor-widget-container\">\n\t\t\t\t\t\t\t\t\t<p>At this stage, additional tests are carried out  to ensure compliance with energy performance  requirements. Systems are adjusted and  necessary changes are made to optimize their  operation and efficiency.<\/p>\t\t\t\t\t\t\t\t<\/div>\n\t\t\t\t<\/div>\n\t\t\t\t\t<\/div>\n\t\t\t\t<\/div>\n\t\t<div class=\"elementor-element elementor-element-29d1f82 e-flex e-con-boxed e-con e-parent\" data-id=\"29d1f82\" data-element_type=\"container\" data-e-type=\"container\">\n\t\t\t\t\t<div class=\"e-con-inner\">\n\t\t\t\t<div class=\"elementor-element elementor-element-3ba0307 elementor-widget elementor-widget-heading\" data-id=\"3ba0307\" data-element_type=\"widget\" data-e-type=\"widget\" data-widget_type=\"heading.default\">\n\t\t\t\t<div class=\"elementor-widget-container\">\n\t\t\t\t\t<h3 class=\"elementor-heading-title elementor-size-default\">Training and documentation:\n\n\n<\/h3>\t\t\t\t<\/div>\n\t\t\t\t<\/div>\n\t\t\t\t<div class=\"elementor-element elementor-element-0445aa2 elementor-widget elementor-widget-text-editor\" data-id=\"0445aa2\" data-element_type=\"widget\" data-e-type=\"widget\" data-widget_type=\"text-editor.default\">\n\t\t\t\t<div class=\"elementor-widget-container\">\n\t\t\t\t\t\t\t\t\t<p>Training is provided to building staff on  the proper operation and maintenance of  energy systems. In addition, comprehensive  documentation is generated including operating  manuals, commissioning reports and other  relevant records.<\/p>\t\t\t\t\t\t\t\t<\/div>\n\t\t\t\t<\/div>\n\t\t\t\t\t<\/div>\n\t\t\t\t<\/div>\n\t\t<div class=\"elementor-element elementor-element-48b4a0e e-flex e-con-boxed e-con e-parent\" data-id=\"48b4a0e\" data-element_type=\"container\" data-e-type=\"container\">\n\t\t\t\t\t<div class=\"e-con-inner\">\n\t\t\t\t<div class=\"elementor-element elementor-element-2642aaa elementor-widget elementor-widget-heading\" data-id=\"2642aaa\" data-element_type=\"widget\" data-e-type=\"widget\" data-widget_type=\"heading.default\">\n\t\t\t\t<div class=\"elementor-widget-container\">\n\t\t\t\t\t<h3 class=\"elementor-heading-title elementor-size-default\">Monitoring and verification:\n\n\n<\/h3>\t\t\t\t<\/div>\n\t\t\t\t<\/div>\n\t\t\t\t<div class=\"elementor-element elementor-element-fc5ec32 elementor-widget elementor-widget-text-editor\" data-id=\"fc5ec32\" data-element_type=\"widget\" data-e-type=\"widget\" data-widget_type=\"text-editor.default\">\n\t\t\t\t<div class=\"elementor-widget-container\">\n\t\t\t\t\t\t\t\t\t<p>After completion of commissioning, continuous  follow-up is carried out to monitor the energy  performance of the building. Periodic audits are  carried out and the energy savings achieved are  verified, ensuring that the systems continue to  operate efficiently overtime.<\/p>\t\t\t\t\t\t\t\t<\/div>\n\t\t\t\t<\/div>\n\t\t\t\t\t<\/div>\n\t\t\t\t<\/div>\n\t\t\t\t\t<\/div>\n\t\t\t\t<\/div>\n\t\t\t\t<\/div>","protected":false},"excerpt":{"rendered":"<p>Revisi\u00f3n del dise\u00f1o: Se examinan los dise\u00f1os y las especificaciones para garantizar que cumplen las normas de eficiencia energ\u00e9tica y los requisitos del proyecto.\u00a0 Se pueden identificar oportunidades de mejora y realizar ajustes si es necesario. Instalaci\u00f3n y construcci\u00f3n: Durante esta fase, se supervisa la instalaci\u00f3n de los sistemas energ\u00e9ticos para garantizar que se instalan &#8230; <a title=\"Commissioning\" class=\"read-more\" href=\"https:\/\/netzero360.es\/en\/fases\/seguimiento-y-puesta-en-marcha\" aria-label=\"More on Seguimiento y puesta en marcha\">Read more<\/a><\/p>","protected":false},"author":1,"featured_media":887,"parent":61,"menu_order":0,"comment_status":"closed","ping_status":"closed","template":"","meta":{"_acf_changed":false,"footnotes":""},"class_list":["post-69","page","type-page","status-publish","has-post-thumbnail"],"acf":[],"_links":{"self":[{"href":"https:\/\/netzero360.es\/en\/wp-json\/wp\/v2\/pages\/69","targetHints":{"allow":["GET"]}}],"collection":[{"href":"https:\/\/netzero360.es\/en\/wp-json\/wp\/v2\/pages"}],"about":[{"href":"https:\/\/netzero360.es\/en\/wp-json\/wp\/v2\/types\/page"}],"author":[{"embeddable":true,"href":"https:\/\/netzero360.es\/en\/wp-json\/wp\/v2\/users\/1"}],"replies":[{"embeddable":true,"href":"https:\/\/netzero360.es\/en\/wp-json\/wp\/v2\/comments?post=69"}],"version-history":[{"count":42,"href":"https:\/\/netzero360.es\/en\/wp-json\/wp\/v2\/pages\/69\/revisions"}],"predecessor-version":[{"id":1073,"href":"https:\/\/netzero360.es\/en\/wp-json\/wp\/v2\/pages\/69\/revisions\/1073"}],"up":[{"embeddable":true,"href":"https:\/\/netzero360.es\/en\/wp-json\/wp\/v2\/pages\/61"}],"wp:featuredmedia":[{"embeddable":true,"href":"https:\/\/netzero360.es\/en\/wp-json\/wp\/v2\/media\/887"}],"wp:attachment":[{"href":"https:\/\/netzero360.es\/en\/wp-json\/wp\/v2\/media?parent=69"}],"curies":[{"name":"wp","href":"https:\/\/api.w.org\/{rel}","templated":true}]}}