{"id":67,"date":"2023-08-03T09:32:43","date_gmt":"2023-08-03T09:32:43","guid":{"rendered":"https:\/\/netzero360.es\/?page_id=67"},"modified":"2023-08-23T07:36:30","modified_gmt":"2023-08-23T07:36:30","slug":"diseno","status":"publish","type":"page","link":"https:\/\/netzero360.es\/en\/fases\/diseno","title":{"rendered":"Performance Design"},"content":{"rendered":"<div data-elementor-type=\"wp-page\" data-elementor-id=\"67\" class=\"elementor elementor-67\" data-elementor-post-type=\"page\">\n\t\t\t\t<div class=\"elementor-element elementor-element-e99203f e-flex e-con-boxed e-con e-parent\" data-id=\"e99203f\" data-element_type=\"container\" data-e-type=\"container\">\n\t\t\t\t\t<div class=\"e-con-inner\">\n\t\t\t\t<div class=\"elementor-element elementor-element-9ddae68 elementor-hidden-mobile elementor-hidden-tablet elementor-widget elementor-widget-theme-post-title elementor-page-title elementor-widget-heading\" data-id=\"9ddae68\" data-element_type=\"widget\" data-e-type=\"widget\" data-widget_type=\"theme-post-title.default\">\n\t\t\t\t<div class=\"elementor-widget-container\">\n\t\t\t\t\t<h2 class=\"elementor-heading-title elementor-size-default\">Performance Design<\/h2>\t\t\t\t<\/div>\n\t\t\t\t<\/div>\n\t\t\t\t\t<\/div>\n\t\t\t\t<\/div>\n\t\t<div class=\"elementor-element elementor-element-c3cc9dd e-flex e-con-boxed e-con e-parent\" data-id=\"c3cc9dd\" data-element_type=\"container\" data-e-type=\"container\">\n\t\t\t\t\t<div class=\"e-con-inner\">\n\t\t<div class=\"elementor-element elementor-element-d8f8e15 e-con-full e-flex e-con e-child\" data-id=\"d8f8e15\" data-element_type=\"container\" data-e-type=\"container\">\n\t\t\t\t<div class=\"elementor-element elementor-element-666ee31 elementor-widget elementor-widget-text-editor\" data-id=\"666ee31\" data-element_type=\"widget\" data-e-type=\"widget\" data-widget_type=\"text-editor.default\">\n\t\t\t\t<div class=\"elementor-widget-container\">\n\t\t\t\t\t\t\t\t\t<p>After carrying out the sustainability audit, where a series of improvement measures  associated with potential savings will be proposed, a project will be developed to provide  all the necessary details to carry out these measures.<\/p><p class=\"translation-block\">To this end, <strong>targets<\/strong> for <strong>reducing CO<sup>2<\/sup> emissions<\/strong> and <strong>energy consumption<\/strong> will be set and  the necessary measures to achieve them will be selected in agreement with the client.<\/p><p>On the other hand, the target budget range should be set together with the client on the  basis of which the specific solutions, brands, suppliers, level of finishing, etc. are to be  developed.<\/p>\t\t\t\t\t\t\t\t<\/div>\n\t\t\t\t<\/div>\n\t\t\t\t<\/div>\n\t\t\t\t\t<\/div>\n\t\t\t\t<\/div>\n\t\t\t\t<\/div>","protected":false},"excerpt":{"rendered":"<p>Tras la realizaci\u00f3n de la auditor\u00eda de sostenibilidad, en la que se propondr\u00e1n una serie de medidas de mejora asociadas a potenciales ahorros, se elaborar\u00e1 un proyecto con todos los detalles necesarios para llevar a cabo dichas medidas. Para ello, se fijar\u00e1n objetivos de reducci\u00f3n de las emisiones de CO\u00b2 y del consumo de energ\u00eda &#8230; <a title=\"Performance Design\" class=\"read-more\" href=\"https:\/\/netzero360.es\/en\/fases\/diseno\" aria-label=\"More on Dise\u00f1o\">Read more<\/a><\/p>","protected":false},"author":1,"featured_media":902,"parent":61,"menu_order":0,"comment_status":"closed","ping_status":"closed","template":"","meta":{"_acf_changed":false,"footnotes":""},"class_list":["post-67","page","type-page","status-publish","has-post-thumbnail"],"acf":[],"_links":{"self":[{"href":"https:\/\/netzero360.es\/en\/wp-json\/wp\/v2\/pages\/67","targetHints":{"allow":["GET"]}}],"collection":[{"href":"https:\/\/netzero360.es\/en\/wp-json\/wp\/v2\/pages"}],"about":[{"href":"https:\/\/netzero360.es\/en\/wp-json\/wp\/v2\/types\/page"}],"author":[{"embeddable":true,"href":"https:\/\/netzero360.es\/en\/wp-json\/wp\/v2\/users\/1"}],"replies":[{"embeddable":true,"href":"https:\/\/netzero360.es\/en\/wp-json\/wp\/v2\/comments?post=67"}],"version-history":[{"count":35,"href":"https:\/\/netzero360.es\/en\/wp-json\/wp\/v2\/pages\/67\/revisions"}],"predecessor-version":[{"id":1142,"href":"https:\/\/netzero360.es\/en\/wp-json\/wp\/v2\/pages\/67\/revisions\/1142"}],"up":[{"embeddable":true,"href":"https:\/\/netzero360.es\/en\/wp-json\/wp\/v2\/pages\/61"}],"wp:featuredmedia":[{"embeddable":true,"href":"https:\/\/netzero360.es\/en\/wp-json\/wp\/v2\/media\/902"}],"wp:attachment":[{"href":"https:\/\/netzero360.es\/en\/wp-json\/wp\/v2\/media?parent=67"}],"curies":[{"name":"wp","href":"https:\/\/api.w.org\/{rel}","templated":true}]}}