{"id":63,"date":"2023-08-03T09:32:08","date_gmt":"2023-08-03T09:32:08","guid":{"rendered":"https:\/\/netzero360.es\/?page_id=63"},"modified":"2023-08-17T11:23:12","modified_gmt":"2023-08-17T11:23:12","slug":"analisis-comparativo","status":"publish","type":"page","link":"https:\/\/netzero360.es\/en\/fases\/analisis-comparativo","title":{"rendered":"Benchmarking"},"content":{"rendered":"<div data-elementor-type=\"wp-page\" data-elementor-id=\"63\" class=\"elementor elementor-63\" data-elementor-post-type=\"page\">\n\t\t\t\t<div class=\"elementor-element elementor-element-17347ce e-flex e-con-boxed e-con e-parent\" data-id=\"17347ce\" data-element_type=\"container\" data-e-type=\"container\">\n\t\t\t\t\t<div class=\"e-con-inner\">\n\t\t\t\t<div class=\"elementor-element elementor-element-8273200 elementor-hidden-mobile elementor-hidden-tablet elementor-widget elementor-widget-theme-post-title elementor-page-title elementor-widget-heading\" data-id=\"8273200\" data-element_type=\"widget\" data-e-type=\"widget\" data-widget_type=\"theme-post-title.default\">\n\t\t\t\t<div class=\"elementor-widget-container\">\n\t\t\t\t\t<h2 class=\"elementor-heading-title elementor-size-default\">Benchmarking<\/h2>\t\t\t\t<\/div>\n\t\t\t\t<\/div>\n\t\t\t\t\t<\/div>\n\t\t\t\t<\/div>\n\t\t<div class=\"elementor-element elementor-element-d0f7452 e-flex e-con-boxed e-con e-parent\" data-id=\"d0f7452\" data-element_type=\"container\" data-e-type=\"container\">\n\t\t\t\t\t<div class=\"e-con-inner\">\n\t\t<div class=\"elementor-element elementor-element-7599ccc e-flex e-con-boxed e-con e-parent\" data-id=\"7599ccc\" data-element_type=\"container\" data-e-type=\"container\">\n\t\t\t\t\t<div class=\"e-con-inner\">\n\t\t\t\t<div class=\"elementor-element elementor-element-b177362 elementor-widget elementor-widget-text-editor\" data-id=\"b177362\" data-element_type=\"widget\" data-e-type=\"widget\" data-widget_type=\"text-editor.default\">\n\t\t\t\t<div class=\"elementor-widget-container\">\n\t\t\t\t\t\t\t\t\t<p class=\"translation-block\">Survey of all target buildings through a <strong>light audit<\/strong> to identify those with the greatest potential to reduce  CO2 emissions and energy consumption.<\/p><p>A score will be created for each building to rank the buildings according to the degree of opportunity for  improvement detected in each of the building components.<\/p><p class=\"translation-block\">The result of this analysis will help clients to have a map of the state of its buildings and,  with this, <strong>to order and prioritize the investments to be made according to the improvement potential  detected.<\/strong><\/p>\t\t\t\t\t\t\t\t<\/div>\n\t\t\t\t<\/div>\n\t\t\t\t\t<\/div>\n\t\t\t\t<\/div>\n\t\t\t\t\t<\/div>\n\t\t\t\t<\/div>\n\t\t<div class=\"elementor-element elementor-element-cb934df e-flex e-con-boxed e-con e-parent\" data-id=\"cb934df\" data-element_type=\"container\" data-e-type=\"container\">\n\t\t\t\t\t<div class=\"e-con-inner\">\n\t\t<div class=\"elementor-element elementor-element-99d1112 elementor-hidden-mobile e-flex e-con-boxed e-con e-parent\" data-id=\"99d1112\" data-element_type=\"container\" data-e-type=\"container\">\n\t\t\t\t\t<div class=\"e-con-inner\">\n\t\t\t\t<div class=\"elementor-element elementor-element-12b71c8 elementor-absolute e-transform elementor-widget elementor-widget-heading\" data-id=\"12b71c8\" data-element_type=\"widget\" data-e-type=\"widget\" data-settings=\"{&quot;_position&quot;:&quot;absolute&quot;,&quot;_transform_rotateZ_effect&quot;:{&quot;unit&quot;:&quot;px&quot;,&quot;size&quot;:-90,&quot;sizes&quot;:[]},&quot;_transform_rotateZ_effect_tablet&quot;:{&quot;unit&quot;:&quot;deg&quot;,&quot;size&quot;:&quot;&quot;,&quot;sizes&quot;:[]},&quot;_transform_rotateZ_effect_mobile&quot;:{&quot;unit&quot;:&quot;deg&quot;,&quot;size&quot;:&quot;&quot;,&quot;sizes&quot;:[]}}\" data-widget_type=\"heading.default\">\n\t\t\t\t<div class=\"elementor-widget-container\">\n\t\t\t\t\t<span class=\"elementor-heading-title elementor-size-default\">Sample\n<\/span>\t\t\t\t<\/div>\n\t\t\t\t<\/div>\n\t\t\t\t<div class=\"elementor-element elementor-element-51ff102 elementor-widget elementor-widget-image\" data-id=\"51ff102\" data-element_type=\"widget\" data-e-type=\"widget\" data-no-translation=\"\" data-widget_type=\"image.default\">\n\t\t\t\t<div class=\"elementor-widget-container\">\n\t\t\t\t\t<style>.elementor-element-51ff102{display:none !important}<\/style>\t\t\t\t<\/div>\n\t\t\t\t<\/div>\n\t\t\t\t<div class=\"elementor-element elementor-element-0ad09dc elementor-widget elementor-widget-image\" data-id=\"0ad09dc\" data-element_type=\"widget\" data-e-type=\"widget\" data-no-translation=\"\" data-widget_type=\"image.default\">\n\t\t\t\t<div class=\"elementor-widget-container\">\n\t\t\t\t\t\t\t\t\t\t\t\t\t\t\t<img fetchpriority=\"high\" decoding=\"async\" width=\"566\" height=\"241\" src=\"https:\/\/netzero360.es\/wp-content\/uploads\/2023\/08\/tabla-analisis-comparativo-net-zero-360-URMUSA-ingenieria.svg\" class=\"attachment-full size-full wp-image-1132\" alt=\"\" \/>\t\t\t\t\t\t\t\t\t\t\t\t\t\t\t<\/div>\n\t\t\t\t<\/div>\n\t\t\t\t\t<\/div>\n\t\t\t\t<\/div>\n\t\t<div class=\"elementor-element elementor-element-b725673 elementor-hidden-desktop elementor-hidden-tablet e-flex e-con-boxed e-con e-parent\" data-id=\"b725673\" data-element_type=\"container\" data-e-type=\"container\" data-no-translation=\"\">\n\t\t\t\t\t<div class=\"e-con-inner\">\n\t\t\t\t<div class=\"elementor-element elementor-element-395d3e9 elementor-widget elementor-widget-heading\" data-id=\"395d3e9\" data-element_type=\"widget\" data-e-type=\"widget\" data-widget_type=\"heading.default\">\n\t\t\t\t<div class=\"elementor-widget-container\">\n\t\t\t\t\t<span class=\"elementor-heading-title elementor-size-default\">Ejemplo\n<\/span>\t\t\t\t<\/div>\n\t\t\t\t<\/div>\n\t\t\t\t<div class=\"elementor-element elementor-element-16712d3 elementor-hidden-desktop elementor-hidden-tablet elementor-widget elementor-widget-image\" data-id=\"16712d3\" data-element_type=\"widget\" data-e-type=\"widget\" data-widget_type=\"image.default\">\n\t\t\t\t<div class=\"elementor-widget-container\">\n\t\t\t\t\t\t\t\t\t\t\t\t\t\t\t\t<a href=\"https:\/\/netzero360.es\/wp-content\/uploads\/2023\/08\/tabla-analisis-comparativo-net-zero-360-URMUSA-ingenieria.svg\" data-elementor-open-lightbox=\"yes\" data-e-action-hash=\"#elementor-action%3Aaction%3Dlightbox%26settings%3DeyJpZCI6MTEzMiwidXJsIjoiaHR0cHM6XC9cL25ldHplcm8zNjAuZXNcL3dwLWNvbnRlbnRcL3VwbG9hZHNcLzIwMjNcLzA4XC90YWJsYS1hbmFsaXNpcy1jb21wYXJhdGl2by1uZXQtemVyby0zNjAtVVJNVVNBLWluZ2VuaWVyaWEuc3ZnIn0%3D\">\n\t\t\t\t\t\t\t<img fetchpriority=\"high\" decoding=\"async\" width=\"566\" height=\"241\" src=\"https:\/\/netzero360.es\/wp-content\/uploads\/2023\/08\/tabla-analisis-comparativo-net-zero-360-URMUSA-ingenieria.svg\" class=\"attachment-full size-full wp-image-1132\" alt=\"\" \/>\t\t\t\t\t\t\t\t<\/a>\n\t\t\t\t\t\t\t\t\t\t\t\t\t\t\t<\/div>\n\t\t\t\t<\/div>\n\t\t\t\t\t<\/div>\n\t\t\t\t<\/div>\n\t\t<div class=\"elementor-element elementor-element-044c8cf e-con-full e-flex e-con e-parent\" data-id=\"044c8cf\" data-element_type=\"container\" data-e-type=\"container\">\n\t\t\t\t<div class=\"elementor-element elementor-element-04c209f elementor-widget elementor-widget-text-editor\" data-id=\"04c209f\" data-element_type=\"widget\" data-e-type=\"widget\" data-widget_type=\"text-editor.default\">\n\t\t\t\t<div class=\"elementor-widget-container\">\n\t\t\t\t\t\t\t\t\t<p>Establishment of a status table for each  asset with a comparison of before and after implementation of potential improvements,  including current average scores, target score  and the resulting average after the improvement  work.<\/p>\t\t\t\t\t\t\t\t<\/div>\n\t\t\t\t<\/div>\n\t\t\t\t<\/div>\n\t\t\t\t\t<\/div>\n\t\t\t\t<\/div>\n\t\t\t\t<\/div>","protected":false},"excerpt":{"rendered":"<p>Estudio de todos los edificios objetivo mediante una auditor\u00eda ligera para identificar aquellos con mayor potencial para reducir las emisiones de CO2 y el consumo de energ\u00eda. Se crear\u00e1 una puntuaci\u00f3n para cada edificio con el fin de clasificarlos seg\u00fan el grado de oportunidad de mejora detectado en cada uno de los componentes del edificio. &#8230; <a title=\"Benchmarking\" class=\"read-more\" href=\"https:\/\/netzero360.es\/en\/fases\/analisis-comparativo\" aria-label=\"More on An\u00e1lisis comparativo\">Read more<\/a><\/p>","protected":false},"author":1,"featured_media":890,"parent":61,"menu_order":0,"comment_status":"closed","ping_status":"closed","template":"","meta":{"_acf_changed":false,"footnotes":""},"class_list":["post-63","page","type-page","status-publish","has-post-thumbnail"],"acf":[],"_links":{"self":[{"href":"https:\/\/netzero360.es\/en\/wp-json\/wp\/v2\/pages\/63","targetHints":{"allow":["GET"]}}],"collection":[{"href":"https:\/\/netzero360.es\/en\/wp-json\/wp\/v2\/pages"}],"about":[{"href":"https:\/\/netzero360.es\/en\/wp-json\/wp\/v2\/types\/page"}],"author":[{"embeddable":true,"href":"https:\/\/netzero360.es\/en\/wp-json\/wp\/v2\/users\/1"}],"replies":[{"embeddable":true,"href":"https:\/\/netzero360.es\/en\/wp-json\/wp\/v2\/comments?post=63"}],"version-history":[{"count":100,"href":"https:\/\/netzero360.es\/en\/wp-json\/wp\/v2\/pages\/63\/revisions"}],"predecessor-version":[{"id":1135,"href":"https:\/\/netzero360.es\/en\/wp-json\/wp\/v2\/pages\/63\/revisions\/1135"}],"up":[{"embeddable":true,"href":"https:\/\/netzero360.es\/en\/wp-json\/wp\/v2\/pages\/61"}],"wp:featuredmedia":[{"embeddable":true,"href":"https:\/\/netzero360.es\/en\/wp-json\/wp\/v2\/media\/890"}],"wp:attachment":[{"href":"https:\/\/netzero360.es\/en\/wp-json\/wp\/v2\/media?parent=63"}],"curies":[{"name":"wp","href":"https:\/\/api.w.org\/{rel}","templated":true}]}}