{"id":130,"date":"2023-08-03T10:06:09","date_gmt":"2023-08-03T10:06:09","guid":{"rendered":"https:\/\/netzero360.es\/?page_id=130"},"modified":"2023-08-16T06:57:49","modified_gmt":"2023-08-16T06:57:49","slug":"aviso-legal","status":"publish","type":"page","link":"https:\/\/netzero360.es\/en\/aviso-legal","title":{"rendered":"Legal warning"},"content":{"rendered":"<div data-elementor-type=\"wp-page\" data-elementor-id=\"130\" class=\"elementor elementor-130\" data-elementor-post-type=\"page\">\n\t\t\t\t<div class=\"elementor-element elementor-element-5f06a04 e-flex e-con-boxed e-con e-parent\" data-id=\"5f06a04\" data-element_type=\"container\" data-e-type=\"container\">\n\t\t\t\t\t<div class=\"e-con-inner\">\n\t\t\t\t<div class=\"elementor-element elementor-element-f62ba74 elementor-hidden-mobile elementor-hidden-tablet elementor-widget elementor-widget-theme-post-title elementor-page-title elementor-widget-heading\" data-id=\"f62ba74\" data-element_type=\"widget\" data-e-type=\"widget\" data-widget_type=\"theme-post-title.default\">\n\t\t\t\t<div class=\"elementor-widget-container\">\n\t\t\t\t\t<h2 class=\"elementor-heading-title elementor-size-default\">Legal warning<\/h2>\t\t\t\t<\/div>\n\t\t\t\t<\/div>\n\t\t\t\t\t<\/div>\n\t\t\t\t<\/div>\n\t\t<div class=\"elementor-element elementor-element-bcf3972 e-flex e-con-boxed e-con e-parent\" data-id=\"bcf3972\" data-element_type=\"container\" data-e-type=\"container\">\n\t\t\t\t\t<div class=\"e-con-inner\">\n\t\t<div class=\"elementor-element elementor-element-306c8aa e-flex e-con-boxed e-con e-parent\" data-id=\"306c8aa\" data-element_type=\"container\" data-e-type=\"container\">\n\t\t\t\t\t<div class=\"e-con-inner\">\n\t\t\t\t<div class=\"elementor-element elementor-element-6ebcf1c elementor-widget elementor-widget-text-editor\" data-id=\"6ebcf1c\" data-element_type=\"widget\" data-e-type=\"widget\" data-widget_type=\"text-editor.default\">\n\t\t\t\t<div class=\"elementor-widget-container\">\n\t\t\t\t\t\t\t\t\t<h3 class=\"wp-block-heading\">OBJETO<\/h3>\n<p>Constituye el objeto del presente documento legal la regulaci\u00f3n de las normas y condiciones legales de los servicios online prestados por\u00a0<strong>URMUSA INGENIER\u00cdA S.L.<\/strong>\u00a0a trav\u00e9s de su website bajo dominio <a href=\"https:\/\/netzero360.es\/en\/\" data-type=\"URL\" data-id=\"https:\/\/netzero360.es\/\">www.netzero360.es<\/a> conforme a lo establecido tanto en la Ley 34\/2002, de 11 de julio, de servicios de la sociedad de la informaci\u00f3n y comercio electr\u00f3nico como en su normativa sectorial.<\/p>\n<h2 class=\"wp-block-heading\"><!-- \/wp:paragraph --><!-- wp:heading --><\/h2>\n<h3 class=\"wp-block-heading\">DATOS IDENTIFICATIVOS<\/h3>\n<h2 class=\"wp-block-heading\"><!-- \/wp:heading --><!-- wp:paragraph --><\/h2>\n<p>Denominaci\u00f3n social:\u00a0<strong>URMUSA INGENIER\u00cdA\u00a0S.L.<\/strong><br \/>Nombre comercial:\u00a0<strong>NETZERO360<\/strong><br \/>CIF:\u00a0<strong>B16984825<\/strong><br \/>Domicilio:\u00a0<strong>Calle Alonso Cano 66, 28003 \u2013 Madrid<\/strong><br \/>e-mail:<strong><a href=\"mailto:info@urmusa.com\">\u00a0info@urmusa.com<\/a><\/strong><\/p>\n<h2 class=\"wp-block-heading\"><!-- \/wp:paragraph --><!-- wp:heading --><\/h2>\n<h3 class=\"wp-block-heading\">DESTINATARIOS<\/h3>\n<h2 class=\"wp-block-heading\"><!-- \/wp:heading --><!-- wp:paragraph --><\/h2>\n<p>El sitio web\u00a0<a href=\"https:\/\/netzero360.es\/en\/\" data-type=\"URL\" data-id=\"https:\/\/netzero360.es\/\">www.netzero360.es<\/a>\u00a0se encuentra dirigido a cualquier otra persona que acceda al mismo y se encuentre interesado en los servicios propios de nuestra entidad.<\/p>\n<h2 class=\"wp-block-heading\"><!-- \/wp:paragraph --><!-- wp:heading --><\/h2>\n<h3 class=\"wp-block-heading\">ALOJAMIENTO<\/h3>\n<h2 class=\"wp-block-heading\"><!-- \/wp:heading --><!-- wp:paragraph --><\/h2>\n<p>El website\u00a0<a href=\"https:\/\/netzero360.es\/en\/\" data-type=\"URL\" data-id=\"https:\/\/netzero360.es\/\">www.netzero360.es<\/a>\u00a0se encuentra alojada en territorio espa\u00f1ol, garantizando con ello la plena aplicaci\u00f3n de los derechos, garant\u00edas, normas, medidas y procedimientos de seguridad previstos tanto en la Ley Org\u00e1nica 15\/1999, de 13 de diciembre, de protecci\u00f3n de datos de car\u00e1cter personal como en su Reglamento y del Reglamento (UE) 2016\/679 del Parlamento Europeo y del Consejo de 27 de abril de 2016 relativo a la protecci\u00f3n de las personas f\u00edsicas en lo que respecta al tratamiento de datos personales y a la libre circulaci\u00f3n de estos datos y por el que se deroga la Directiva 95\/46\/CE (Reglamento general de protecci\u00f3n de datos).<\/p>\n<h2 class=\"wp-block-heading\"><!-- \/wp:paragraph --><!-- wp:heading --><\/h2>\n<h3 class=\"wp-block-heading\">ACCESO<\/h3>\n<h2 class=\"wp-block-heading\"><!-- \/wp:heading --><!-- wp:paragraph --><\/h2>\n<p>El acceso al sitio web podr\u00e1 tener lugar bien directamente por medio de la URL\u00a0<a href=\"https:\/\/netzero360.es\/en\/\" data-type=\"URL\" data-id=\"https:\/\/netzero360.es\/\">www.netzero360.es<\/a>\u00a0bien a trav\u00e9s de enlaces a la misma que se encuentren en los buscadores, websites de terceros o p\u00e1ginas de redes sociales.<\/p>\n<h2 class=\"wp-block-heading\"><!-- \/wp:paragraph --><!-- wp:paragraph --><\/h2>\n<p>El acceso a la web es totalmente gratuito.<\/p>\n<h2 class=\"wp-block-heading\"><!-- \/wp:paragraph --><!-- wp:heading --><\/h2>\n<h3 class=\"wp-block-heading\">SERVICIOS<\/h3>\n<h2 class=\"wp-block-heading\"><!-- \/wp:heading --><!-- wp:paragraph --><\/h2>\n<p>Los servicios de la sociedad de la informaci\u00f3n ofrecidos en el sitio web\u00a0<a href=\"https:\/\/netzero360.es\/en\/\" data-type=\"URL\" data-id=\"https:\/\/netzero360.es\/\">www.netzero360.es<\/a>\u00a0ser\u00e1n los propios del objeto social de la entidad titular y, por ello, relacionados con la gesti\u00f3n integral de activos fotovoltaicos y servicios de ingenier\u00eda y eficiencia energ\u00e9tica.<\/p>\n<h2 class=\"wp-block-heading\"><!-- \/wp:paragraph --><!-- wp:heading --><\/h2>\n<h3 class=\"wp-block-heading\">SPAM<\/h3>\n<h2 class=\"wp-block-heading\"><!-- \/wp:heading --><!-- wp:paragraph --><\/h2>\n<p>Desde esta web repudiamos el SPAM en cualquiera de sus manifestaciones. Sin excepciones.<\/p>\n<h2 class=\"wp-block-heading\"><!-- \/wp:paragraph --><!-- wp:paragraph --><\/h2>\n<p>Por ello, se encuentra terminantemente prohibido:<\/p>\n<h2 class=\"wp-block-heading\"><!-- \/wp:paragraph --><!-- wp:list {\"ordered\":true} --><\/h2>\n<ol><!-- wp:list-item -->\n<li>Recabar datos de nuestro sitio web con una finalidad publicitaria y emplear tales datos para remitir publicidad de cualquier clase y comunicaciones con fines de venta u otras de naturaleza comercial sin nuestra previa autorizaci\u00f3n.<\/li>\n<!-- \/wp:list-item --><!-- wp:list-item -->\n<li>Mandar cualquier otro tipo de mensajes no solicitados ni consentidos a un grupo de personas.<\/li>\n<!-- \/wp:list-item --><!-- wp:list-item -->\n<li>Utilizar listas de distribuci\u00f3n.<\/li>\n<!-- \/wp:list-item --><!-- wp:list-item -->\n<li>Poner a disposici\u00f3n de terceros, con cualquier finalidad, datos recabados a partir de listas de distribuci\u00f3n.<\/li>\n<!-- \/wp:list-item --><\/ol>\n<h2 class=\"wp-block-heading\"><!-- \/wp:list --><!-- wp:paragraph --><\/h2>\n<p>Si se viera perjudicado por la recepci\u00f3n de cualquier comunicaci\u00f3n de las antes previstas, pod\u00e9is comunic\u00e1rnoslo a trav\u00e9s de un mail a la siguiente direcci\u00f3n\u00a0<a href=\"mailto:info@urmusa.com\">info@urmusa.com<\/a><\/p>\n<h2 class=\"wp-block-heading\"><!-- \/wp:paragraph --><!-- wp:heading --><\/h2>\n<h3 class=\"wp-block-heading\">ENLACES O LINKS<\/h3>\n<h2 class=\"wp-block-heading\"><!-- \/wp:heading --><!-- wp:paragraph --><\/h2>\n<p>Los enlaces al sitio web deber\u00e1n cumplir los siguientes requisitos:<\/p>\n<h2 class=\"wp-block-heading\"><!-- \/wp:paragraph --><!-- wp:list {\"ordered\":true} --><\/h2>\n<ol><!-- wp:list-item -->\n<li>El hiperenlace \u00fanicamente permitir\u00e1 el acceso a aquellas p\u00e1ginas p\u00fablicas o accesibles a cualquier usuario.<\/li>\n<!-- \/wp:list-item --><!-- wp:list-item -->\n<li>No se podr\u00e1 crear un marco o frame sobre ninguna de las p\u00e1ginas del sitio web, de modo que se cause en los usuarios confusi\u00f3n acerca de la titularidad del contenido enlazado.<\/li>\n<!-- \/wp:list-item --><!-- wp:list-item -->\n<li>El mero hecho de enlazar al sitio web no supone la existencia de relaciones comerciales, ni aceptaci\u00f3n o aprobaci\u00f3n de los contenidos y servicios del website enlazante.<\/li>\n<!-- \/wp:list-item --><!-- wp:list-item -->\n<li>La web, blog o p\u00e1gina que establezca el enlace no podr\u00e1 contener ninguna marca, nombre comercial, r\u00f3tulo de establecimiento, denominaci\u00f3n, logotipo, eslogan o cualquier otro signo distintivo perteneciente a nuestra entidad, m\u00e1s all\u00e1 de los que se incluyan en el contenido enlazado.<\/li>\n<!-- \/wp:list-item --><!-- wp:list-item -->\n<li>La web, blog o p\u00e1gina en la que se establezca el enlace no contendr\u00e1 informaciones o contenidos contrarios a la ley, a la moral, a las buenas costumbres generalmente aceptadas y al orden p\u00fablico, as\u00ed como tampoco contendr\u00e1 contenidos contrarios a cualquier derecho leg\u00edtimos de terceros.<\/li>\n<!-- \/wp:list-item --><\/ol>\n<h2 class=\"wp-block-heading\"><!-- \/wp:list --><!-- wp:heading --><\/h2>\n<h3 class=\"wp-block-heading\">DISTINTIVOS COMERCIALES Y CONTENIDOS<\/h3>\n<h2 class=\"wp-block-heading\"><!-- \/wp:heading --><!-- wp:paragraph --><\/h2>\n<p>1\u00ba Distintivos comerciales.<\/p>\n<h2 class=\"wp-block-heading\"><!-- \/wp:paragraph --><!-- wp:paragraph --><\/h2>\n<p>La marca NETZERO360, ya denominativa ya gr\u00e1fica ya mixta, se encuentra actualmente registrada a nombre de la entidad URMUSA INGENIER\u00cdA S.L. (O.E.P.M.) en la Oficina Espa\u00f1ola de Patentes y Marcas.<\/p>\n<h2 class=\"wp-block-heading\"><!-- \/wp:paragraph --><!-- wp:paragraph --><\/h2>\n<p>URMUSA INGENIER\u00cdA S.L. es titular de una licencia de la marca URMUSA para su explotaci\u00f3n comercial en el sector de energ\u00e9tico e ingenier\u00eda y en los canales online y off line.<\/p>\n<h2 class=\"wp-block-heading\"><!-- \/wp:paragraph --><!-- wp:paragraph --><\/h2>\n<p>El acceso a esta web no implica la atribuci\u00f3n de autorizaciones, licencias ni facultades para hacer uso de tales signos distintivos.<\/p>\n<h2 class=\"wp-block-heading\"><!-- \/wp:paragraph --><!-- wp:paragraph --><\/h2>\n<p>2\u00ba Contenidos.<\/p>\n<h2 class=\"wp-block-heading\"><!-- \/wp:paragraph --><!-- wp:paragraph --><\/h2>\n<p>Todos los contenidos que aparezcan en el sitio web son de la propiedad de URMUSA INGENIER\u00cdA S.L., o de terceros que previamente hubieran autorizado a su uso.<\/p>\n<h2 class=\"wp-block-heading\"><!-- \/wp:paragraph --><!-- wp:paragraph --><\/h2>\n<p>Por tanto, al igual que suced\u00eda con la imagen corporativa, el hecho del acceso a esta web no implica la atribuci\u00f3n de licencias ni facultades para hacer uso de tales contenidos.<\/p>\n<h2 class=\"wp-block-heading\"><!-- \/wp:paragraph --><!-- wp:heading --><\/h2>\n<h3 class=\"wp-block-heading\">CONTACTAR<\/h3>\n<h2 class=\"wp-block-heading\"><!-- \/wp:heading --><!-- wp:paragraph --><\/h2>\n<p>Puedes contactar con URMUSA INGENIER\u00cdA S.L. por cualquier de los siguientes medios:<\/p>\n<h2 class=\"wp-block-heading\"><!-- \/wp:paragraph --><!-- wp:list --><\/h2>\n<ul><!-- wp:list-item -->\n<li>V\u00eda correo postal: Calle Alonso Cano 66, 28003 \u2013 Madrid (Espa\u00f1a).<\/li>\n<!-- \/wp:list-item --><!-- wp:list-item -->\n<li>v\u00eda correo electr\u00f3nico:\u00a0<a href=\"mailto:info@urmusa.com\">info@urmusa.com<\/a><\/li>\n<!-- \/wp:list-item --><\/ul>\n<h2 class=\"wp-block-heading\"><!-- \/wp:list --><!-- wp:paragraph --><\/h2>\n<p>Los usuarios de nuestro website podr\u00e1n enviar comunicaciones, sugerencias, ideas, comentarios, preguntas u otra informaci\u00f3n, siempre que el contenido no resulte il\u00edcito, obsceno, abusivo, amenazante, difamatorio, invada la privacidad de terceros, infrinja derechos de propiedad intelectual o industrial o resulte injurioso o censurable de otro modo para terceros y no contenga virus inform\u00e1ticos, propaganda pol\u00edtica, publicidad, correos en cadena, env\u00edo masivo de correos o cualquier otro tipo de \u201cspam\u201d.<\/p>\n<h2 class=\"wp-block-heading\"><!-- \/wp:paragraph --><!-- wp:paragraph --><\/h2>\n<p>Los usuarios declaran y garantizan que son propietarios o controlan por otros medios todos los derechos sobre el contenido que env\u00edan y que, en la fecha en que el contenido o material es enviado a URMUSA INGENIER\u00cdA S.L.:<\/p>\n<h2 class=\"wp-block-heading\"><!-- \/wp:paragraph --><!-- wp:list --><\/h2>\n<ul><!-- wp:list-item -->\n<li>El contenido o material es exacto;<\/li>\n<!-- \/wp:list-item --><!-- wp:list-item -->\n<li>El uso del contenido o material que suministra no entra en conflicto con ninguna de las pol\u00edticas o directrices aplicables de URMUSA INGENIER\u00cdA S.L. y no supondr\u00e1 ning\u00fan perjuicio a ninguna persona o entidad (incluyendo que el contenido o el material no sean difamatorios).<\/li>\n<!-- \/wp:list-item --><\/ul>\n<h2 class=\"wp-block-heading\"><!-- \/wp:list --><!-- wp:paragraph --><\/h2>\n<p>Usted acepta exonerar de responsabilidad a URMUSA INGENIER\u00cdA S.L. por todas las reclamaciones presentadas por terceras partes contra URMUSA INGENIER\u00cdA S.L. surgidas o relacionadas con el incumplimiento de estas garant\u00edas.<\/p>\n<h2 class=\"wp-block-heading\"><!-- \/wp:paragraph --><!-- wp:paragraph --><\/h2>\n<p>No est\u00e1 permitido el uso de direcciones de correo electr\u00f3nico falsas, suplantar la identidad de otra persona o entidad, o mentir de otro modo sobre el origen de cualquier contenido.<\/p>\n<h2 class=\"wp-block-heading\"><!-- \/wp:paragraph --><!-- wp:heading --><\/h2>\n<h3 class=\"wp-block-heading\">MODIFICACI\u00d3N DEL SERVICIO O VARIACI\u00d3N DE LAS CONDICIONES<\/h3>\n<h2 class=\"wp-block-heading\"><!-- \/wp:heading --><!-- wp:paragraph --><\/h2>\n<p>URMUSA INGENIER\u00cdA S.L. se reserva el derecho a realizar cambios en nuestro sitio web, en nuestras pol\u00edticas legales y en sus t\u00e9rminos y condiciones, en cualquier momento.<\/p>\n<h2 class=\"wp-block-heading\"><!-- \/wp:paragraph --><!-- wp:paragraph --><\/h2>\n<p>Por tanto, los usuarios quedar\u00e1n sujetos a las pol\u00edticas, condiciones particulares y condiciones generales en vigor en el momento en que empleen el sitio web o realicen un pedido, a menos que, por ley o por requerimiento de las autoridades p\u00fablicas, se deba efectuar un cambio en dichas pol\u00edticas y T\u00e9rminos y Condiciones aplicables.<\/p>\n<h2 class=\"wp-block-heading\"><!-- \/wp:paragraph --><!-- wp:paragraph --><\/h2>\n<p>Si alguna de las presentes condiciones generales resulta invalidada, nula o inaplicable por cualquier motivo, dicha condici\u00f3n quedar\u00e1 excluida y no afectar\u00e1 a la validez ni la aplicabilidad del resto de condiciones.<\/p>\n<h2 class=\"wp-block-heading\"><!-- \/wp:paragraph --><!-- wp:heading --><\/h2>\n<h3 class=\"wp-block-heading\">LEY APLICABLE Y JURISDICCI\u00d3N<\/h3>\n<h2 class=\"wp-block-heading\"><!-- \/wp:heading --><!-- wp:paragraph --><\/h2>\n<p>Las presentes condiciones del sitio web\u00a0<a href=\"https:\/\/netzero360.es\/en\/\" data-type=\"URL\" data-id=\"https:\/\/netzero360.es\/\">www.netzero360.es<\/a>\u00a0y de sus servicios se regir\u00e1n e interpretar\u00e1n de conformidad con las leyes espa\u00f1olas.<\/p>\n<h2 class=\"wp-block-heading\"><!-- \/wp:paragraph --><!-- wp:paragraph --><\/h2>\n<p>Se establece como jurisdicci\u00f3n competente para someter las disputas existentes a la jurisdicci\u00f3n de los tribunales espa\u00f1oles.<\/p>\t\t\t\t\t\t\t\t<\/div>\n\t\t\t\t<\/div>\n\t\t\t\t\t<\/div>\n\t\t\t\t<\/div>\n\t\t\t\t\t<\/div>\n\t\t\t\t<\/div>\n\t\t\t\t<\/div>","protected":false},"excerpt":{"rendered":"<p>OBJETO Constituye el objeto del presente documento legal la regulaci\u00f3n de las normas y condiciones legales de los servicios online prestados por\u00a0URMUSA INGENIER\u00cdA S.L.\u00a0a trav\u00e9s de su website bajo dominio www.netzero360.es conforme a lo establecido tanto en la Ley 34\/2002, de 11 de julio, de servicios de la sociedad de la informaci\u00f3n y comercio electr\u00f3nico &#8230; <a title=\"Legal warning\" class=\"read-more\" href=\"https:\/\/netzero360.es\/en\/aviso-legal\" aria-label=\"More on Aviso legal\">Read more<\/a><\/p>","protected":false},"author":1,"featured_media":7,"parent":0,"menu_order":0,"comment_status":"closed","ping_status":"closed","template":"","meta":{"_acf_changed":false,"footnotes":""},"class_list":["post-130","page","type-page","status-publish","has-post-thumbnail"],"acf":[],"_links":{"self":[{"href":"https:\/\/netzero360.es\/en\/wp-json\/wp\/v2\/pages\/130","targetHints":{"allow":["GET"]}}],"collection":[{"href":"https:\/\/netzero360.es\/en\/wp-json\/wp\/v2\/pages"}],"about":[{"href":"https:\/\/netzero360.es\/en\/wp-json\/wp\/v2\/types\/page"}],"author":[{"embeddable":true,"href":"https:\/\/netzero360.es\/en\/wp-json\/wp\/v2\/users\/1"}],"replies":[{"embeddable":true,"href":"https:\/\/netzero360.es\/en\/wp-json\/wp\/v2\/comments?post=130"}],"version-history":[{"count":24,"href":"https:\/\/netzero360.es\/en\/wp-json\/wp\/v2\/pages\/130\/revisions"}],"predecessor-version":[{"id":1060,"href":"https:\/\/netzero360.es\/en\/wp-json\/wp\/v2\/pages\/130\/revisions\/1060"}],"wp:featuredmedia":[{"embeddable":true,"href":"https:\/\/netzero360.es\/en\/wp-json\/wp\/v2\/media\/7"}],"wp:attachment":[{"href":"https:\/\/netzero360.es\/en\/wp-json\/wp\/v2\/media?parent=130"}],"curies":[{"name":"wp","href":"https:\/\/api.w.org\/{rel}","templated":true}]}}