{"id":128,"date":"2023-08-03T10:05:58","date_gmt":"2023-08-03T10:05:58","guid":{"rendered":"https:\/\/netzero360.es\/?page_id=128"},"modified":"2023-08-16T07:00:21","modified_gmt":"2023-08-16T07:00:21","slug":"politica-de-privacidad","status":"publish","type":"page","link":"https:\/\/netzero360.es\/en\/politica-de-privacidad","title":{"rendered":"Privacy Policy"},"content":{"rendered":"<div data-elementor-type=\"wp-page\" data-elementor-id=\"128\" class=\"elementor elementor-128\" data-elementor-post-type=\"page\">\n\t\t\t\t<div class=\"elementor-element elementor-element-91a92e1 e-flex e-con-boxed e-con e-parent\" data-id=\"91a92e1\" data-element_type=\"container\" data-e-type=\"container\">\n\t\t\t\t\t<div class=\"e-con-inner\">\n\t\t\t\t<div class=\"elementor-element elementor-element-6b31a8e elementor-hidden-mobile elementor-hidden-tablet elementor-widget elementor-widget-theme-post-title elementor-page-title elementor-widget-heading\" data-id=\"6b31a8e\" data-element_type=\"widget\" data-e-type=\"widget\" data-widget_type=\"theme-post-title.default\">\n\t\t\t\t<div class=\"elementor-widget-container\">\n\t\t\t\t\t<h2 class=\"elementor-heading-title elementor-size-default\">Privacy Policy<\/h2>\t\t\t\t<\/div>\n\t\t\t\t<\/div>\n\t\t\t\t\t<\/div>\n\t\t\t\t<\/div>\n\t\t<div class=\"elementor-element elementor-element-6cf2466 e-flex e-con-boxed e-con e-parent\" data-id=\"6cf2466\" data-element_type=\"container\" data-e-type=\"container\">\n\t\t\t\t\t<div class=\"e-con-inner\">\n\t\t<div class=\"elementor-element elementor-element-4fb36e2 e-flex e-con-boxed e-con e-parent\" data-id=\"4fb36e2\" data-element_type=\"container\" data-e-type=\"container\">\n\t\t\t\t\t<div class=\"e-con-inner\">\n\t\t\t\t<div class=\"elementor-element elementor-element-e913ef9 elementor-widget elementor-widget-text-editor\" data-id=\"e913ef9\" data-element_type=\"widget\" data-e-type=\"widget\" data-widget_type=\"text-editor.default\">\n\t\t\t\t<div class=\"elementor-widget-container\">\n\t\t\t\t\t\t\t\t\t<h3 class=\"wp-block-heading\">OBJETO<\/h3>\n<p><!-- \/wp:heading --><!-- wp:paragraph --><\/p>\n<p>Constituye el objeto de la presente Pol\u00edtica de Privacidad la regulaci\u00f3n de normas y condiciones a las que se sujetar\u00e1 la recogida, almacenamiento y tratamiento de los datos de car\u00e1cter personal a los que\u00a0<strong>URMUSA INGENIER\u00cdA<\/strong>\u00a0<strong>S.L.<\/strong>\u00a0tenga acceso por medio de su website\u00a0<a href=\"https:\/\/netzero360.es\/en\/\" data-type=\"URL\" data-id=\"https:\/\/netzero360.es\/\">www.netzero360.es<\/a>.<\/p>\n<p><!-- \/wp:paragraph --><!-- wp:heading --><\/p>\n<h3 class=\"wp-block-heading\">RECOGIDA DE DATOS<\/h3>\n<p><!-- \/wp:heading --><!-- wp:paragraph --><\/p>\n<p>Los datos que recogidos en nuestro sitio web pueden provenir de diferentes v\u00edas:<\/p>\n<p><!-- \/wp:paragraph --><!-- wp:list --><\/p>\n<ul><!-- wp:list-item -->\n<li>Datos ofrecidos de forma activa y voluntaria por los usuarios (por ejemplo, al contactar por cualquiera de los medios ofrecidos).<\/li>\n<!-- \/wp:list-item --><!-- wp:list-item -->\n<li>Datos obtenidos por procedimientos t\u00e9cnicos (por ejemplo, el dato de la direcci\u00f3n I.P. de tu dispositivo y que es necesario conocer para hacer posible el acceso a nuestro sitio web o los datos obtenidos por medio de las cookies).<\/li>\n<!-- \/wp:list-item --><\/ul>\n<p><!-- \/wp:list --><!-- wp:paragraph --><\/p>\n<p>No obstante, ya sea a trav\u00e9s de la presente pol\u00edtica de privacidad, ya por medio de la informaci\u00f3n relativa a las cookies, ya por medio de las cl\u00e1usulas legales existentes en cada formulario de datos, se informar\u00e1 previamente de los extremos necesario para que el usuario pueda valorar convenientemente ofrecer su consentimiento de modo informado.<\/p>\n<p><!-- \/wp:paragraph --><!-- wp:heading --><\/p>\n<h3 class=\"wp-block-heading\">MAYORES Y MENORES DE EDAD<\/h3>\n<p><!-- \/wp:heading --><!-- wp:list {\"ordered\":true} --><\/p>\n<ol><!-- wp:list-item -->\n<li>Mayores de 18 a\u00f1os.- En este caso, el usuario mayor de edad ser\u00e1 plenamente responsable de la informaci\u00f3n y de los datos personales ofrecidos.<\/li>\n<!-- \/wp:list-item --><!-- wp:list-item -->\n<li>Mayores de 14 a\u00f1os pero menores de 18 a\u00f1os.- En tal caso, el usuario puede darse de alta como usuario y ofrecer sus propios datos personales sin que, en ning\u00fan caso, se pida informaci\u00f3n sobre los dem\u00e1s miembros de su familia.<\/li>\n<!-- \/wp:list-item --><!-- wp:list-item -->\n<li>Menores de edad que sean menores de 14 a\u00f1os.- Deber\u00e1n ser los padres, tutores o representantes legales quienes habr\u00e1n de conceder la autorizaci\u00f3n o consentimiento previo.<\/li>\n<!-- \/wp:list-item --><\/ol>\n<p><!-- \/wp:list --><!-- wp:heading --><\/p>\n<h3 class=\"wp-block-heading\">ALMACENAMIENTO DE DATOS<\/h3>\n<p><!-- \/wp:heading --><!-- wp:paragraph --><\/p>\n<p>Recogidos los datos proporcionados, los mismos ser\u00e1n almacenados fichero con el nombre \u201cCLIENTES\u201d que se encuentra inscrito en el Registro de la Agencia Espa\u00f1ola de Protecci\u00f3n de Datos y que cumple con las normas, medidas y procedimientos de seguridad exigidos por la actual normativa de protecci\u00f3n de datos personales.<\/p>\n<p><!-- \/wp:paragraph --><!-- wp:heading --><\/p>\n<h3 class=\"wp-block-heading\">TRATAMIENTO DE LOS DATOS<\/h3>\n<p><!-- \/wp:heading --><!-- wp:paragraph --><\/p>\n<p>Las finalidades para las que se tratar\u00e1n los datos recabados a trav\u00e9s del sitio web\u00a0<a href=\"https:\/\/netzero360.es\/en\/\" data-type=\"URL\" data-id=\"https:\/\/netzero360.es\/\">www.netzero360.es<\/a>\u00a0son las que se exponen a continuaci\u00f3n:<\/p>\n<p><!-- \/wp:paragraph --><!-- wp:list --><\/p>\n<ul><!-- wp:list-item -->\n<li>Para hacer posible el acceso al sitio web.<\/li>\n<!-- \/wp:list-item --><!-- wp:list-item -->\n<li>Para hacerte posible la navegaci\u00f3n por las diferentes p\u00e1ginas del website.<\/li>\n<!-- \/wp:list-item --><!-- wp:list-item -->\n<li>Para ofrecerte los contenidos concretos del web.<\/li>\n<!-- \/wp:list-item --><!-- wp:list-item -->\n<li>Para que hacer posible el contacto por medio de los medios que lo hagan posible.<\/li>\n<!-- \/wp:list-item --><\/ul>\n<p><!-- \/wp:list --><!-- wp:heading --><\/p>\n<h3 class=\"wp-block-heading\">EMPLEO DE LOS DATOS CON FINALIDAD COMERCIAL<\/h3>\n<p><!-- \/wp:heading --><!-- wp:paragraph --><\/p>\n<p>Los datos recogidos en nuestro website s\u00f3lo ser\u00e1n empleados para ofrecer la informaci\u00f3n de nuestro sitio web que sea del inter\u00e9s del usuario.<\/p>\n<p><!-- \/wp:paragraph --><!-- wp:paragraph --><\/p>\n<p>Del mismo modo,\u00a0<strong>URMUSA INGENIER\u00cdA<\/strong>\u00a0<strong>S.L.<\/strong>\u00a0s\u00f3lo remitir\u00e1 contenidos promocionales o publicitarios en aquellos casos en que sean solicitados.<\/p>\n<p><!-- \/wp:paragraph --><!-- wp:paragraph --><\/p>\n<p>Finalmente,\u00a0<strong>URMUSA INGENIER\u00cdA<\/strong>\u00a0<strong>S.L.<\/strong>, en ning\u00fan momento, ceder\u00e1 dichos datos a terceras empresas con fines publicitarios, m\u00e1s all\u00e1 de aquellos casos en los usuarios hayan manifestado su conformidad a tal fin.<\/p>\n<p><!-- \/wp:paragraph --><!-- wp:heading --><\/p>\n<h3 class=\"wp-block-heading\">DATOS OFRECIDOS POR USUARIOS<\/h3>\n<p><!-- \/wp:heading --><!-- wp:paragraph --><\/p>\n<p>En un principio, la navegaci\u00f3n por nuestro sitio web no requiere que los usuarios ofrezcan dato alguno, m\u00e1s all\u00e1 de aquellos que fueren necesarios para poder hacer posible la navegaci\u00f3n.<\/p>\n<p><!-- \/wp:paragraph --><!-- wp:paragraph --><\/p>\n<p>Junto a lo anterior, pueden existir ciertos datos que son necesarios para el acceso a la totalidad de los servicios ofrecidos y en los que daremos, puntual y previamente, toda la informaci\u00f3n necesaria para su valoraci\u00f3n.<\/p>\n<p><!-- \/wp:paragraph --><!-- wp:paragraph --><\/p>\n<p>Finalmente, existen ciertas herramientas en la web en la que los usuarios pueden ofrecer la informaci\u00f3n que consideren relevante en cada caso. No obstante, en estos casos y salvo que sea estrictamente necesario, se proh\u00edbe ofrecer datos de car\u00e1cter personal que puedan ser calificados de informaci\u00f3n referida a ideolog\u00eda, religi\u00f3n, creencias, afiliaci\u00f3n sindical, salud, origen racial y\/o vida sexual.<\/p>\n<p><!-- \/wp:paragraph --><!-- wp:heading --><\/p>\n<h3 class=\"wp-block-heading\">DERECHOS ARCO<\/h3>\n<p><!-- \/wp:heading --><!-- wp:paragraph --><\/p>\n<p>Los usuarios podr\u00e1n ejercer sus derechos de acceso, rectificaci\u00f3n, cancelaci\u00f3n y oposici\u00f3n por cualquier de las siguientes v\u00edas:<\/p>\n<p><!-- \/wp:paragraph --><!-- wp:list --><\/p>\n<ul><!-- wp:list-item -->\n<li>V\u00eda correo electr\u00f3nico por medio del env\u00edo de un mail a la siguiente direcci\u00f3n\u00a0<a href=\"mailto:info@urmusa.com\">info@urmusa.com<\/a><\/li>\n<!-- \/wp:list-item --><!-- wp:list-item -->\n<li>V\u00eda correo postal por medio del env\u00edo de un escrito a la siguiente direcci\u00f3n: Calle Alonso Cano 66, 28003 \u2013 Madrid (Espa\u00f1a).<\/li>\n<!-- \/wp:list-item --><\/ul>\n<p><!-- \/wp:list --><!-- wp:paragraph --><\/p>\n<p>En tales comunicaciones se deber\u00e1 incluir el siguiente contenido m\u00ednimo:<\/p>\n<p><!-- \/wp:paragraph --><!-- wp:list --><\/p>\n<ul><!-- wp:list-item -->\n<li>Nombre y apellidos.<\/li>\n<!-- \/wp:list-item --><!-- wp:list-item -->\n<li>Fotocopia del DNI, firma electr\u00f3nica o copia escaneada del DNI.<\/li>\n<!-- \/wp:list-item --><!-- wp:list-item -->\n<li>Petici\u00f3n concreta.<\/li>\n<!-- \/wp:list-item --><!-- wp:list-item -->\n<li>Direcci\u00f3n a efectos de notificaciones.<\/li>\n<!-- \/wp:list-item --><!-- wp:list-item -->\n<li>Fecha y firma del solicitante.<\/li>\n<\/ul>\t\t\t\t\t\t\t\t<\/div>\n\t\t\t\t<\/div>\n\t\t\t\t\t<\/div>\n\t\t\t\t<\/div>\n\t\t\t\t\t<\/div>\n\t\t\t\t<\/div>\n\t\t\t\t<\/div>","protected":false},"excerpt":{"rendered":"<p>OBJETO Constituye el objeto de la presente Pol\u00edtica de Privacidad la regulaci\u00f3n de normas y condiciones a las que se sujetar\u00e1 la recogida, almacenamiento y tratamiento de los datos de car\u00e1cter personal a los que\u00a0URMUSA INGENIER\u00cdA\u00a0S.L.\u00a0tenga acceso por medio de su website\u00a0www.netzero360.es. RECOGIDA DE DATOS Los datos que recogidos en nuestro sitio web pueden provenir &#8230; <a title=\"Privacy Policy\" class=\"read-more\" href=\"https:\/\/netzero360.es\/en\/politica-de-privacidad\" aria-label=\"More on Pol\u00edtica de privacidad\">Read more<\/a><\/p>","protected":false},"author":1,"featured_media":7,"parent":0,"menu_order":0,"comment_status":"closed","ping_status":"closed","template":"","meta":{"_acf_changed":false,"footnotes":""},"class_list":["post-128","page","type-page","status-publish","has-post-thumbnail"],"acf":[],"_links":{"self":[{"href":"https:\/\/netzero360.es\/en\/wp-json\/wp\/v2\/pages\/128","targetHints":{"allow":["GET"]}}],"collection":[{"href":"https:\/\/netzero360.es\/en\/wp-json\/wp\/v2\/pages"}],"about":[{"href":"https:\/\/netzero360.es\/en\/wp-json\/wp\/v2\/types\/page"}],"author":[{"embeddable":true,"href":"https:\/\/netzero360.es\/en\/wp-json\/wp\/v2\/users\/1"}],"replies":[{"embeddable":true,"href":"https:\/\/netzero360.es\/en\/wp-json\/wp\/v2\/comments?post=128"}],"version-history":[{"count":24,"href":"https:\/\/netzero360.es\/en\/wp-json\/wp\/v2\/pages\/128\/revisions"}],"predecessor-version":[{"id":1069,"href":"https:\/\/netzero360.es\/en\/wp-json\/wp\/v2\/pages\/128\/revisions\/1069"}],"wp:featuredmedia":[{"embeddable":true,"href":"https:\/\/netzero360.es\/en\/wp-json\/wp\/v2\/media\/7"}],"wp:attachment":[{"href":"https:\/\/netzero360.es\/en\/wp-json\/wp\/v2\/media?parent=128"}],"curies":[{"name":"wp","href":"https:\/\/api.w.org\/{rel}","templated":true}]}}